{"id":684,"date":"2023-12-17T10:56:30","date_gmt":"2023-12-17T09:56:30","guid":{"rendered":"https:\/\/cap-vital.com\/?page_id=684"},"modified":"2023-12-18T08:27:04","modified_gmt":"2023-12-18T07:27:04","slug":"albret-tenareze-materiel-medical-recrute","status":"publish","type":"page","link":"https:\/\/cap-vital.com\/?page_id=684","title":{"rendered":"Prendre en charge son incontinence"},"content":{"rendered":"\t\t<div data-elementor-type=\"wp-page\" data-elementor-id=\"684\" class=\"elementor elementor-684\">\n\t\t\t\t\t\t<section class=\"elementor-section elementor-top-section elementor-element elementor-element-36b15c27 elementor-section-boxed elementor-section-height-default elementor-section-height-default\" data-id=\"36b15c27\" data-element_type=\"section\" data-settings=\"{&quot;background_background&quot;:&quot;gradient&quot;}\">\n\t\t\t\t\t\t\t<div class=\"elementor-background-overlay\"><\/div>\n\t\t\t\t\t\t\t<div class=\"elementor-container elementor-column-gap-default\">\n\t\t\t\t\t<div class=\"elementor-column elementor-col-100 elementor-top-column elementor-element elementor-element-7cf60809\" data-id=\"7cf60809\" data-element_type=\"column\">\n\t\t\t<div class=\"elementor-widget-wrap elementor-element-populated\">\n\t\t\t\t\t\t<div class=\"elementor-element elementor-element-8e0ed7e elementor-widget elementor-widget-spacer\" data-id=\"8e0ed7e\" data-element_type=\"widget\" data-widget_type=\"spacer.default\">\n\t\t\t\t<div class=\"elementor-widget-container\">\n\t\t\t<style>\/*! elementor - v3.21.0 - 22-05-2024 *\/\n.elementor-column .elementor-spacer-inner{height:var(--spacer-size)}.e-con{--container-widget-width:100%}.e-con-inner>.elementor-widget-spacer,.e-con>.elementor-widget-spacer{width:var(--container-widget-width,var(--spacer-size));--align-self:var(--container-widget-align-self,initial);--flex-shrink:0}.e-con-inner>.elementor-widget-spacer>.elementor-widget-container,.e-con>.elementor-widget-spacer>.elementor-widget-container{height:100%;width:100%}.e-con-inner>.elementor-widget-spacer>.elementor-widget-container>.elementor-spacer,.e-con>.elementor-widget-spacer>.elementor-widget-container>.elementor-spacer{height:100%}.e-con-inner>.elementor-widget-spacer>.elementor-widget-container>.elementor-spacer>.elementor-spacer-inner,.e-con>.elementor-widget-spacer>.elementor-widget-container>.elementor-spacer>.elementor-spacer-inner{height:var(--container-widget-height,var(--spacer-size))}.e-con-inner>.elementor-widget-spacer.elementor-widget-empty,.e-con>.elementor-widget-spacer.elementor-widget-empty{position:relative;min-height:22px;min-width:22px}.e-con-inner>.elementor-widget-spacer.elementor-widget-empty .elementor-widget-empty-icon,.e-con>.elementor-widget-spacer.elementor-widget-empty .elementor-widget-empty-icon{position:absolute;top:0;bottom:0;left:0;right:0;margin:auto;padding:0;width:22px;height:22px}<\/style>\t\t<div class=\"elementor-spacer\">\n\t\t\t<div class=\"elementor-spacer-inner\"><\/div>\n\t\t<\/div>\n\t\t\t\t<\/div>\n\t\t\t\t<\/div>\n\t\t\t\t<div class=\"elementor-element elementor-element-c7f842e elementor-invisible elementor-widget elementor-widget-heading\" data-id=\"c7f842e\" data-element_type=\"widget\" data-settings=\"{&quot;_animation&quot;:&quot;fadeInDown&quot;}\" data-widget_type=\"heading.default\">\n\t\t\t\t<div class=\"elementor-widget-container\">\n\t\t\t<style>\/*! elementor - v3.21.0 - 22-05-2024 *\/\n.elementor-heading-title{padding:0;margin:0;line-height:1}.elementor-widget-heading .elementor-heading-title[class*=elementor-size-]>a{color:inherit;font-size:inherit;line-height:inherit}.elementor-widget-heading .elementor-heading-title.elementor-size-small{font-size:15px}.elementor-widget-heading .elementor-heading-title.elementor-size-medium{font-size:19px}.elementor-widget-heading .elementor-heading-title.elementor-size-large{font-size:29px}.elementor-widget-heading .elementor-heading-title.elementor-size-xl{font-size:39px}.elementor-widget-heading .elementor-heading-title.elementor-size-xxl{font-size:59px}<\/style><h2 class=\"elementor-heading-title elementor-size-default\">Prendre en charge son incontinence\n<\/h2>\t\t<\/div>\n\t\t\t\t<\/div>\n\t\t\t\t<div class=\"elementor-element elementor-element-3a436b4 elementor-widget elementor-widget-image\" data-id=\"3a436b4\" data-element_type=\"widget\" data-widget_type=\"image.default\">\n\t\t\t\t<div class=\"elementor-widget-container\">\n\t\t\t<style>\/*! elementor - v3.21.0 - 22-05-2024 *\/\n.elementor-widget-image{text-align:center}.elementor-widget-image a{display:inline-block}.elementor-widget-image a img[src$=\".svg\"]{width:48px}.elementor-widget-image img{vertical-align:middle;display:inline-block}<\/style>\t\t\t\t\t\t\t\t\t\t<img fetchpriority=\"high\" decoding=\"async\" width=\"640\" height=\"430\" src=\"https:\/\/cap-vital.com\/wp-content\/uploads\/2023\/12\/Incontinence-768x516.webp\" class=\"attachment-medium_large size-medium_large wp-image-802\" alt=\"\" srcset=\"https:\/\/cap-vital.com\/wp-content\/uploads\/2023\/12\/Incontinence-768x516.webp 768w, https:\/\/cap-vital.com\/wp-content\/uploads\/2023\/12\/Incontinence-300x201.webp 300w, https:\/\/cap-vital.com\/wp-content\/uploads\/2023\/12\/Incontinence-1024x687.webp 1024w, https:\/\/cap-vital.com\/wp-content\/uploads\/2023\/12\/Incontinence.webp 1460w\" sizes=\"(max-width: 640px) 100vw, 640px\" \/>\t\t\t\t\t\t\t\t\t\t\t\t\t<\/div>\n\t\t\t\t<\/div>\n\t\t\t\t<div class=\"elementor-element elementor-element-9456ad5 elementor-widget elementor-widget-text-editor\" data-id=\"9456ad5\" data-element_type=\"widget\" data-widget_type=\"text-editor.default\">\n\t\t\t\t<div class=\"elementor-widget-container\">\n\t\t\t<style>\/*! elementor - v3.21.0 - 22-05-2024 *\/\n.elementor-widget-text-editor.elementor-drop-cap-view-stacked .elementor-drop-cap{background-color:#69727d;color:#fff}.elementor-widget-text-editor.elementor-drop-cap-view-framed .elementor-drop-cap{color:#69727d;border:3px solid;background-color:transparent}.elementor-widget-text-editor:not(.elementor-drop-cap-view-default) .elementor-drop-cap{margin-top:8px}.elementor-widget-text-editor:not(.elementor-drop-cap-view-default) .elementor-drop-cap-letter{width:1em;height:1em}.elementor-widget-text-editor .elementor-drop-cap{float:left;text-align:center;line-height:1;font-size:50px}.elementor-widget-text-editor .elementor-drop-cap-letter{display:inline-block}<\/style>\t\t\t\t<h3><span style=\"color: #eec95f;\">Saviez-vous que si l\u2019incontinence \u00e9tait un pays, ce serait le troisi\u00e8me pays le plus peupl\u00e9 du monde ?<\/span><\/h3><p>\u00a0<\/p><p>Malgr\u00e9 que la faiblesse de la vessie touche\u00a0<strong>400 millions de personnes<\/strong>\u00a0et demeure une pathologie courante, ce sujet reste tabou. Nous voulons vous \u00e9quiper afin que rien ne vous emp\u00eache de vivre pleinement votre vie. Des entreprises engag\u00e9es dans l\u2019am\u00e9lioration de votre bien-\u00eatre comme Essity avec sa marque leader TENA travaillent jour apr\u00e8s jour au d\u00e9veloppement de nouvelles techniques et de nouveaux produits pour vous aider \u00e0 mieux g\u00e9rer votre incontinence. Choisir la protection adapt\u00e9e \u00e0 son incontinence ou \u00e0 celle d\u2019un proche est\u00a0<strong>crucial<\/strong>\u00a0pour maintenir une vie aussi normale que possible, en gardant confiance en toutes circonstances.<\/p><h3><br \/><span style=\"color: #eec95f;\">D\u00e9terminer son type d\u2019incontinence<\/span><\/h3><p><br \/>Effectuer un\u00a0<strong>diagnostic de son incontinence<\/strong>\u00a0seul ou en se faisant aider d\u2019un professionnel de sant\u00e9 permet d\u2019en d\u00e9terminer la bonne prise en charge. Tout d\u2019abord, quel est le type de fuite ? Elles peuvent survenir pendant l\u2019effort ou au repos, de quelques gouttes \u00e0 des jets plus importants. Ensuite, est-ce que la fuite peut \u00eatre stopp\u00e9e ? Enfin, est-ce que dans le cas d\u2019un aidant qui prendrait soin d\u2019un proche, le proche peut demander de l\u2019aide ou non ? Toutes ces questions vous permettent de d\u00e9terminer si les fuites urinaires sont l\u00e9g\u00e8res, mod\u00e9r\u00e9es ou fortes.<\/p>\t\t\t\t\t\t<\/div>\n\t\t\t\t<\/div>\n\t\t\t\t<div class=\"elementor-element elementor-element-5f5eafa elementor-widget elementor-widget-spacer\" data-id=\"5f5eafa\" data-element_type=\"widget\" data-widget_type=\"spacer.default\">\n\t\t\t\t<div class=\"elementor-widget-container\">\n\t\t\t\t\t<div class=\"elementor-spacer\">\n\t\t\t<div class=\"elementor-spacer-inner\"><\/div>\n\t\t<\/div>\n\t\t\t\t<\/div>\n\t\t\t\t<\/div>\n\t\t\t\t\t<\/div>\n\t\t<\/div>\n\t\t\t\t\t<\/div>\n\t\t<\/section>\n\t\t\t\t<\/div>\n\t\t","protected":false},"excerpt":{"rendered":"<p>Prendre en charge son incontinence Saviez-vous que si l\u2019incontinence \u00e9tait un pays, ce serait le troisi\u00e8me pays le plus peupl\u00e9 du monde ? \u00a0 Malgr\u00e9 que la faiblesse de la vessie touche\u00a0400 millions de personnes\u00a0et demeure une pathologie courante, ce sujet reste tabou. Nous voulons vous \u00e9quiper afin que rien ne vous emp\u00eache de vivre pleinement votre vie. Des entreprises&#8230;<\/p>\n","protected":false},"author":1,"featured_media":0,"parent":0,"menu_order":0,"comment_status":"closed","ping_status":"closed","template":"elementor_header_footer","meta":{"footnotes":""},"class_list":["post-684","page","type-page","status-publish","hentry"],"yoast_head":"<!-- This site is optimized with the Yoast SEO plugin v22.7 - https:\/\/yoast.com\/wordpress\/plugins\/seo\/ -->\n<title>Prendre en charge son incontinence -<\/title>\n<meta name=\"robots\" content=\"index, follow, max-snippet:-1, max-image-preview:large, max-video-preview:-1\" \/>\n<link rel=\"canonical\" href=\"https:\/\/cap-vital.com\/?page_id=684\" \/>\n<meta property=\"og:locale\" content=\"fr_FR\" \/>\n<meta property=\"og:type\" content=\"article\" \/>\n<meta property=\"og:title\" content=\"Prendre en charge son incontinence -\" \/>\n<meta property=\"og:description\" content=\"Prendre en charge son incontinence Saviez-vous que si l\u2019incontinence \u00e9tait un pays, ce serait le troisi\u00e8me pays le plus peupl\u00e9 du monde ? \u00a0 Malgr\u00e9 que la faiblesse de la vessie touche\u00a0400 millions de personnes\u00a0et demeure une pathologie courante, ce sujet reste tabou. Nous voulons vous \u00e9quiper afin que rien ne vous emp\u00eache de vivre pleinement votre vie. Des entreprises...\" \/>\n<meta property=\"og:url\" content=\"https:\/\/cap-vital.com\/?page_id=684\" \/>\n<meta property=\"article:modified_time\" content=\"2023-12-18T07:27:04+00:00\" \/>\n<meta property=\"og:image\" content=\"http:\/\/cap-vital.com\/wp-content\/uploads\/2023\/12\/Incontinence-768x516.webp\" \/>\n<meta name=\"twitter:card\" content=\"summary_large_image\" \/>\n<meta name=\"twitter:label1\" content=\"Dur\u00e9e de lecture estim\u00e9e\" \/>\n\t<meta name=\"twitter:data1\" content=\"1 minute\" \/>\n<script type=\"application\/ld+json\" class=\"yoast-schema-graph\">{\"@context\":\"https:\/\/schema.org\",\"@graph\":[{\"@type\":\"WebPage\",\"@id\":\"https:\/\/cap-vital.com\/?page_id=684\",\"url\":\"https:\/\/cap-vital.com\/?page_id=684\",\"name\":\"Prendre en charge son incontinence -\",\"isPartOf\":{\"@id\":\"https:\/\/cap-vital.com\/#website\"},\"primaryImageOfPage\":{\"@id\":\"https:\/\/cap-vital.com\/?page_id=684#primaryimage\"},\"image\":{\"@id\":\"https:\/\/cap-vital.com\/?page_id=684#primaryimage\"},\"thumbnailUrl\":\"http:\/\/cap-vital.com\/wp-content\/uploads\/2023\/12\/Incontinence-768x516.webp\",\"datePublished\":\"2023-12-17T09:56:30+00:00\",\"dateModified\":\"2023-12-18T07:27:04+00:00\",\"breadcrumb\":{\"@id\":\"https:\/\/cap-vital.com\/?page_id=684#breadcrumb\"},\"inLanguage\":\"fr-FR\",\"potentialAction\":[{\"@type\":\"ReadAction\",\"target\":[\"https:\/\/cap-vital.com\/?page_id=684\"]}]},{\"@type\":\"ImageObject\",\"inLanguage\":\"fr-FR\",\"@id\":\"https:\/\/cap-vital.com\/?page_id=684#primaryimage\",\"url\":\"http:\/\/cap-vital.com\/wp-content\/uploads\/2023\/12\/Incontinence-768x516.webp\",\"contentUrl\":\"http:\/\/cap-vital.com\/wp-content\/uploads\/2023\/12\/Incontinence-768x516.webp\"},{\"@type\":\"BreadcrumbList\",\"@id\":\"https:\/\/cap-vital.com\/?page_id=684#breadcrumb\",\"itemListElement\":[{\"@type\":\"ListItem\",\"position\":1,\"name\":\"Accueil\",\"item\":\"https:\/\/cap-vital.com\/\"},{\"@type\":\"ListItem\",\"position\":2,\"name\":\"Prendre en charge son incontinence\"}]},{\"@type\":\"WebSite\",\"@id\":\"https:\/\/cap-vital.com\/#website\",\"url\":\"https:\/\/cap-vital.com\/\",\"name\":\"cap-vital.com\",\"description\":\"\",\"publisher\":{\"@id\":\"https:\/\/cap-vital.com\/#organization\"},\"potentialAction\":[{\"@type\":\"SearchAction\",\"target\":{\"@type\":\"EntryPoint\",\"urlTemplate\":\"https:\/\/cap-vital.com\/?s={search_term_string}\"},\"query-input\":\"required name=search_term_string\"}],\"inLanguage\":\"fr-FR\"},{\"@type\":\"Organization\",\"@id\":\"https:\/\/cap-vital.com\/#organization\",\"name\":\"NERAC MEDICAL\",\"url\":\"https:\/\/cap-vital.com\/\",\"logo\":{\"@type\":\"ImageObject\",\"inLanguage\":\"fr-FR\",\"@id\":\"https:\/\/cap-vital.com\/#\/schema\/logo\/image\/\",\"url\":\"https:\/\/cap-vital.com\/wp-content\/uploads\/2023\/12\/cropped-cropped-New-Banniere-Cap-Vital-Nerac-Medical.png\",\"contentUrl\":\"https:\/\/cap-vital.com\/wp-content\/uploads\/2023\/12\/cropped-cropped-New-Banniere-Cap-Vital-Nerac-Medical.png\",\"width\":1617,\"height\":403,\"caption\":\"NERAC MEDICAL\"},\"image\":{\"@id\":\"https:\/\/cap-vital.com\/#\/schema\/logo\/image\/\"}}]}<\/script>\n<!-- \/ Yoast SEO plugin. -->","yoast_head_json":{"title":"Prendre en charge son incontinence -","robots":{"index":"index","follow":"follow","max-snippet":"max-snippet:-1","max-image-preview":"max-image-preview:large","max-video-preview":"max-video-preview:-1"},"canonical":"https:\/\/cap-vital.com\/?page_id=684","og_locale":"fr_FR","og_type":"article","og_title":"Prendre en charge son incontinence -","og_description":"Prendre en charge son incontinence Saviez-vous que si l\u2019incontinence \u00e9tait un pays, ce serait le troisi\u00e8me pays le plus peupl\u00e9 du monde ? \u00a0 Malgr\u00e9 que la faiblesse de la vessie touche\u00a0400 millions de personnes\u00a0et demeure une pathologie courante, ce sujet reste tabou. Nous voulons vous \u00e9quiper afin que rien ne vous emp\u00eache de vivre pleinement votre vie. Des entreprises...","og_url":"https:\/\/cap-vital.com\/?page_id=684","article_modified_time":"2023-12-18T07:27:04+00:00","og_image":[{"url":"http:\/\/cap-vital.com\/wp-content\/uploads\/2023\/12\/Incontinence-768x516.webp"}],"twitter_card":"summary_large_image","twitter_misc":{"Dur\u00e9e de lecture estim\u00e9e":"1 minute"},"schema":{"@context":"https:\/\/schema.org","@graph":[{"@type":"WebPage","@id":"https:\/\/cap-vital.com\/?page_id=684","url":"https:\/\/cap-vital.com\/?page_id=684","name":"Prendre en charge son incontinence -","isPartOf":{"@id":"https:\/\/cap-vital.com\/#website"},"primaryImageOfPage":{"@id":"https:\/\/cap-vital.com\/?page_id=684#primaryimage"},"image":{"@id":"https:\/\/cap-vital.com\/?page_id=684#primaryimage"},"thumbnailUrl":"http:\/\/cap-vital.com\/wp-content\/uploads\/2023\/12\/Incontinence-768x516.webp","datePublished":"2023-12-17T09:56:30+00:00","dateModified":"2023-12-18T07:27:04+00:00","breadcrumb":{"@id":"https:\/\/cap-vital.com\/?page_id=684#breadcrumb"},"inLanguage":"fr-FR","potentialAction":[{"@type":"ReadAction","target":["https:\/\/cap-vital.com\/?page_id=684"]}]},{"@type":"ImageObject","inLanguage":"fr-FR","@id":"https:\/\/cap-vital.com\/?page_id=684#primaryimage","url":"http:\/\/cap-vital.com\/wp-content\/uploads\/2023\/12\/Incontinence-768x516.webp","contentUrl":"http:\/\/cap-vital.com\/wp-content\/uploads\/2023\/12\/Incontinence-768x516.webp"},{"@type":"BreadcrumbList","@id":"https:\/\/cap-vital.com\/?page_id=684#breadcrumb","itemListElement":[{"@type":"ListItem","position":1,"name":"Accueil","item":"https:\/\/cap-vital.com\/"},{"@type":"ListItem","position":2,"name":"Prendre en charge son incontinence"}]},{"@type":"WebSite","@id":"https:\/\/cap-vital.com\/#website","url":"https:\/\/cap-vital.com\/","name":"cap-vital.com","description":"","publisher":{"@id":"https:\/\/cap-vital.com\/#organization"},"potentialAction":[{"@type":"SearchAction","target":{"@type":"EntryPoint","urlTemplate":"https:\/\/cap-vital.com\/?s={search_term_string}"},"query-input":"required name=search_term_string"}],"inLanguage":"fr-FR"},{"@type":"Organization","@id":"https:\/\/cap-vital.com\/#organization","name":"NERAC MEDICAL","url":"https:\/\/cap-vital.com\/","logo":{"@type":"ImageObject","inLanguage":"fr-FR","@id":"https:\/\/cap-vital.com\/#\/schema\/logo\/image\/","url":"https:\/\/cap-vital.com\/wp-content\/uploads\/2023\/12\/cropped-cropped-New-Banniere-Cap-Vital-Nerac-Medical.png","contentUrl":"https:\/\/cap-vital.com\/wp-content\/uploads\/2023\/12\/cropped-cropped-New-Banniere-Cap-Vital-Nerac-Medical.png","width":1617,"height":403,"caption":"NERAC MEDICAL"},"image":{"@id":"https:\/\/cap-vital.com\/#\/schema\/logo\/image\/"}}]}},"_links":{"self":[{"href":"https:\/\/cap-vital.com\/index.php?rest_route=\/wp\/v2\/pages\/684","targetHints":{"allow":["GET"]}}],"collection":[{"href":"https:\/\/cap-vital.com\/index.php?rest_route=\/wp\/v2\/pages"}],"about":[{"href":"https:\/\/cap-vital.com\/index.php?rest_route=\/wp\/v2\/types\/page"}],"author":[{"embeddable":true,"href":"https:\/\/cap-vital.com\/index.php?rest_route=\/wp\/v2\/users\/1"}],"replies":[{"embeddable":true,"href":"https:\/\/cap-vital.com\/index.php?rest_route=%2Fwp%2Fv2%2Fcomments&post=684"}],"version-history":[{"count":14,"href":"https:\/\/cap-vital.com\/index.php?rest_route=\/wp\/v2\/pages\/684\/revisions"}],"predecessor-version":[{"id":805,"href":"https:\/\/cap-vital.com\/index.php?rest_route=\/wp\/v2\/pages\/684\/revisions\/805"}],"wp:attachment":[{"href":"https:\/\/cap-vital.com\/index.php?rest_route=%2Fwp%2Fv2%2Fmedia&parent=684"}],"curies":[{"name":"wp","href":"https:\/\/api.w.org\/{rel}","templated":true}]}}