{"id":699,"date":"2023-12-17T11:03:56","date_gmt":"2023-12-17T10:03:56","guid":{"rendered":"https:\/\/cap-vital.com\/?page_id=699"},"modified":"2023-12-17T14:52:19","modified_gmt":"2023-12-17T13:52:19","slug":"service-apres-vente","status":"publish","type":"page","link":"https:\/\/cap-vital.com\/?page_id=699","title":{"rendered":"Service Apr\u00e8s-Vente"},"content":{"rendered":"\t\t<div data-elementor-type=\"wp-page\" data-elementor-id=\"699\" class=\"elementor elementor-699\">\n\t\t\t\t\t\t<section class=\"elementor-section elementor-top-section elementor-element elementor-element-36b15c27 elementor-section-boxed elementor-section-height-default elementor-section-height-default\" data-id=\"36b15c27\" data-element_type=\"section\" data-settings=\"{&quot;background_background&quot;:&quot;gradient&quot;}\">\n\t\t\t\t\t\t\t<div class=\"elementor-background-overlay\"><\/div>\n\t\t\t\t\t\t\t<div class=\"elementor-container elementor-column-gap-default\">\n\t\t\t\t\t<div class=\"elementor-column elementor-col-100 elementor-top-column elementor-element elementor-element-7cf60809\" data-id=\"7cf60809\" data-element_type=\"column\">\n\t\t\t<div class=\"elementor-widget-wrap elementor-element-populated\">\n\t\t\t\t\t\t<div class=\"elementor-element elementor-element-c7f842e elementor-invisible elementor-widget elementor-widget-heading\" data-id=\"c7f842e\" data-element_type=\"widget\" data-settings=\"{&quot;_animation&quot;:&quot;fadeInDown&quot;}\" data-widget_type=\"heading.default\">\n\t\t\t\t<div class=\"elementor-widget-container\">\n\t\t\t<style>\/*! elementor - v3.21.0 - 22-05-2024 *\/\n.elementor-heading-title{padding:0;margin:0;line-height:1}.elementor-widget-heading .elementor-heading-title[class*=elementor-size-]>a{color:inherit;font-size:inherit;line-height:inherit}.elementor-widget-heading .elementor-heading-title.elementor-size-small{font-size:15px}.elementor-widget-heading .elementor-heading-title.elementor-size-medium{font-size:19px}.elementor-widget-heading .elementor-heading-title.elementor-size-large{font-size:29px}.elementor-widget-heading .elementor-heading-title.elementor-size-xl{font-size:39px}.elementor-widget-heading .elementor-heading-title.elementor-size-xxl{font-size:59px}<\/style><h2 class=\"elementor-heading-title elementor-size-default\">Service Apr\u00e8s-Vente<\/h2>\t\t<\/div>\n\t\t\t\t<\/div>\n\t\t\t\t<div class=\"elementor-element elementor-element-8e0ed7e elementor-widget elementor-widget-spacer\" data-id=\"8e0ed7e\" data-element_type=\"widget\" data-widget_type=\"spacer.default\">\n\t\t\t\t<div class=\"elementor-widget-container\">\n\t\t\t<style>\/*! elementor - v3.21.0 - 22-05-2024 *\/\n.elementor-column .elementor-spacer-inner{height:var(--spacer-size)}.e-con{--container-widget-width:100%}.e-con-inner>.elementor-widget-spacer,.e-con>.elementor-widget-spacer{width:var(--container-widget-width,var(--spacer-size));--align-self:var(--container-widget-align-self,initial);--flex-shrink:0}.e-con-inner>.elementor-widget-spacer>.elementor-widget-container,.e-con>.elementor-widget-spacer>.elementor-widget-container{height:100%;width:100%}.e-con-inner>.elementor-widget-spacer>.elementor-widget-container>.elementor-spacer,.e-con>.elementor-widget-spacer>.elementor-widget-container>.elementor-spacer{height:100%}.e-con-inner>.elementor-widget-spacer>.elementor-widget-container>.elementor-spacer>.elementor-spacer-inner,.e-con>.elementor-widget-spacer>.elementor-widget-container>.elementor-spacer>.elementor-spacer-inner{height:var(--container-widget-height,var(--spacer-size))}.e-con-inner>.elementor-widget-spacer.elementor-widget-empty,.e-con>.elementor-widget-spacer.elementor-widget-empty{position:relative;min-height:22px;min-width:22px}.e-con-inner>.elementor-widget-spacer.elementor-widget-empty .elementor-widget-empty-icon,.e-con>.elementor-widget-spacer.elementor-widget-empty .elementor-widget-empty-icon{position:absolute;top:0;bottom:0;left:0;right:0;margin:auto;padding:0;width:22px;height:22px}<\/style>\t\t<div class=\"elementor-spacer\">\n\t\t\t<div class=\"elementor-spacer-inner\"><\/div>\n\t\t<\/div>\n\t\t\t\t<\/div>\n\t\t\t\t<\/div>\n\t\t\t\t<div class=\"elementor-element elementor-element-9918335 elementor-widget elementor-widget-spacer\" data-id=\"9918335\" data-element_type=\"widget\" data-widget_type=\"spacer.default\">\n\t\t\t\t<div class=\"elementor-widget-container\">\n\t\t\t\t\t<div class=\"elementor-spacer\">\n\t\t\t<div class=\"elementor-spacer-inner\"><\/div>\n\t\t<\/div>\n\t\t\t\t<\/div>\n\t\t\t\t<\/div>\n\t\t\t\t\t<\/div>\n\t\t<\/div>\n\t\t\t\t\t<\/div>\n\t\t<\/section>\n\t\t<div class=\"elementor-element elementor-element-4d9de86 e-flex e-con-boxed e-con e-parent\" data-id=\"4d9de86\" data-element_type=\"container\">\n\t\t\t\t\t<div class=\"e-con-inner\">\n\t\t<div class=\"elementor-element elementor-element-c8441e0 e-con-full e-flex e-con e-child\" data-id=\"c8441e0\" data-element_type=\"container\">\n\t\t\t\t<div class=\"elementor-element elementor-element-7e982f1 elementor-widget elementor-widget-heading\" data-id=\"7e982f1\" data-element_type=\"widget\" data-widget_type=\"heading.default\">\n\t\t\t\t<div class=\"elementor-widget-container\">\n\t\t\t<h2 class=\"elementor-heading-title elementor-size-default\">Maintenance du mat\u00e9riel<\/h2>\t\t<\/div>\n\t\t\t\t<\/div>\n\t\t\t\t<div class=\"elementor-element elementor-element-fad48bc elementor-widget elementor-widget-spacer\" data-id=\"fad48bc\" data-element_type=\"widget\" data-widget_type=\"spacer.default\">\n\t\t\t\t<div class=\"elementor-widget-container\">\n\t\t\t\t\t<div class=\"elementor-spacer\">\n\t\t\t<div class=\"elementor-spacer-inner\"><\/div>\n\t\t<\/div>\n\t\t\t\t<\/div>\n\t\t\t\t<\/div>\n\t\t\t\t<div class=\"elementor-element elementor-element-665b2fc elementor-widget elementor-widget-text-editor\" data-id=\"665b2fc\" data-element_type=\"widget\" data-widget_type=\"text-editor.default\">\n\t\t\t\t<div class=\"elementor-widget-container\">\n\t\t\t<style>\/*! elementor - v3.21.0 - 22-05-2024 *\/\n.elementor-widget-text-editor.elementor-drop-cap-view-stacked .elementor-drop-cap{background-color:#69727d;color:#fff}.elementor-widget-text-editor.elementor-drop-cap-view-framed .elementor-drop-cap{color:#69727d;border:3px solid;background-color:transparent}.elementor-widget-text-editor:not(.elementor-drop-cap-view-default) .elementor-drop-cap{margin-top:8px}.elementor-widget-text-editor:not(.elementor-drop-cap-view-default) .elementor-drop-cap-letter{width:1em;height:1em}.elementor-widget-text-editor .elementor-drop-cap{float:left;text-align:center;line-height:1;font-size:50px}.elementor-widget-text-editor .elementor-drop-cap-letter{display:inline-block}<\/style>\t\t\t\t<p><span style=\"color: #ffffff;\">Fid\u00e8les \u00e0 notre engagement qualit\u00e9, pour maintenir le niveau de confort et d\u2019e\ufb03cacit\u00e9 de nos produits, nous mettons \u00e0 votre disposition des \u00e9quipes de techniciens sp\u00e9cialis\u00e9s dans tous les dispositifs.<\/span><\/p>\t\t\t\t\t\t<\/div>\n\t\t\t\t<\/div>\n\t\t\t\t<\/div>\n\t\t<div class=\"elementor-element elementor-element-b342486 e-con-full e-flex e-con e-child\" data-id=\"b342486\" data-element_type=\"container\">\n\t\t\t\t<div class=\"elementor-element elementor-element-dd5c414 elementor-widget elementor-widget-image\" data-id=\"dd5c414\" data-element_type=\"widget\" data-widget_type=\"image.default\">\n\t\t\t\t<div class=\"elementor-widget-container\">\n\t\t\t<style>\/*! elementor - v3.21.0 - 22-05-2024 *\/\n.elementor-widget-image{text-align:center}.elementor-widget-image a{display:inline-block}.elementor-widget-image a img[src$=\".svg\"]{width:48px}.elementor-widget-image img{vertical-align:middle;display:inline-block}<\/style>\t\t\t\t\t\t\t\t\t\t<img fetchpriority=\"high\" decoding=\"async\" width=\"226\" height=\"300\" src=\"https:\/\/cap-vital.com\/wp-content\/uploads\/2023\/12\/SAV-226x300.jpeg\" class=\"attachment-medium size-medium wp-image-759\" alt=\"\" srcset=\"https:\/\/cap-vital.com\/wp-content\/uploads\/2023\/12\/SAV-226x300.jpeg 226w, https:\/\/cap-vital.com\/wp-content\/uploads\/2023\/12\/SAV.jpeg 690w\" sizes=\"(max-width: 226px) 100vw, 226px\" \/>\t\t\t\t\t\t\t\t\t\t\t\t\t<\/div>\n\t\t\t\t<\/div>\n\t\t\t\t<\/div>\n\t\t\t\t\t<\/div>\n\t\t\t\t<\/div>\n\t\t<div class=\"elementor-element elementor-element-aad020d e-flex e-con-boxed e-con e-parent\" data-id=\"aad020d\" data-element_type=\"container\">\n\t\t\t\t\t<div class=\"e-con-inner\">\n\t\t\t\t<div class=\"elementor-element elementor-element-f7607d1 elementor-widget elementor-widget-heading\" data-id=\"f7607d1\" data-element_type=\"widget\" data-widget_type=\"heading.default\">\n\t\t\t\t<div class=\"elementor-widget-container\">\n\t\t\t<h2 class=\"elementor-heading-title elementor-size-default\">Nos \u00e9quipes se d\u00e9placent chez vous<\/h2>\t\t<\/div>\n\t\t\t\t<\/div>\n\t\t\t\t<div class=\"elementor-element elementor-element-8f21436 elementor-widget elementor-widget-text-editor\" data-id=\"8f21436\" data-element_type=\"widget\" data-widget_type=\"text-editor.default\">\n\t\t\t\t<div class=\"elementor-widget-container\">\n\t\t\t\t\t\t\t<p><span style=\"color: #ffffff;\">Nos techniciens interviennent \u00e0 votre domicile pour toute r\u00e9paration et remise en \u00e9tat ainsi que pour une maintenance pr\u00e9ventive avec une analyse en d\u00e9tail des produits et, si besoin, vous proposer un devis.<\/span><\/p><p><span style=\"color: #ffffff;\">Pour certains produits comme les lits m\u00e9dicalis\u00e9s, un contr\u00f4le annuel est l\u00e9galement obligatoire. Mais vous b\u00e9n\u00e9\ufb01ciez aussi d\u2019une garantie Service Apr\u00e8s-Vente lors de l\u2019achat de votre produit.<\/span><\/p>\t\t\t\t\t\t<\/div>\n\t\t\t\t<\/div>\n\t\t\t\t\t<\/div>\n\t\t\t\t<\/div>\n\t\t\t\t<\/div>\n\t\t","protected":false},"excerpt":{"rendered":"<p>Service Apr\u00e8s-Vente Maintenance du mat\u00e9riel Fid\u00e8les \u00e0 notre engagement qualit\u00e9, pour maintenir le niveau de confort et d\u2019e\ufb03cacit\u00e9 de nos produits, nous mettons \u00e0 votre disposition des \u00e9quipes de techniciens sp\u00e9cialis\u00e9s dans tous les dispositifs. Nos \u00e9quipes se d\u00e9placent chez vous Nos techniciens interviennent \u00e0 votre domicile pour toute r\u00e9paration et remise en \u00e9tat ainsi que pour une maintenance pr\u00e9ventive&#8230;<\/p>\n","protected":false},"author":1,"featured_media":0,"parent":0,"menu_order":0,"comment_status":"closed","ping_status":"closed","template":"elementor_header_footer","meta":{"footnotes":""},"class_list":["post-699","page","type-page","status-publish","hentry"],"yoast_head":"<!-- This site is optimized with the Yoast SEO plugin v22.7 - https:\/\/yoast.com\/wordpress\/plugins\/seo\/ -->\n<title>Service Apr\u00e8s-Vente -<\/title>\n<meta name=\"robots\" content=\"index, follow, max-snippet:-1, max-image-preview:large, max-video-preview:-1\" \/>\n<link rel=\"canonical\" href=\"https:\/\/cap-vital.com\/?page_id=699\" \/>\n<meta property=\"og:locale\" content=\"fr_FR\" \/>\n<meta property=\"og:type\" content=\"article\" \/>\n<meta property=\"og:title\" content=\"Service Apr\u00e8s-Vente -\" \/>\n<meta property=\"og:description\" content=\"Service Apr\u00e8s-Vente Maintenance du mat\u00e9riel Fid\u00e8les \u00e0 notre engagement qualit\u00e9, pour maintenir le niveau de confort et d\u2019e\ufb03cacit\u00e9 de nos produits, nous mettons \u00e0 votre disposition des \u00e9quipes de techniciens sp\u00e9cialis\u00e9s dans tous les dispositifs. Nos \u00e9quipes se d\u00e9placent chez vous Nos techniciens interviennent \u00e0 votre domicile pour toute r\u00e9paration et remise en \u00e9tat ainsi que pour une maintenance pr\u00e9ventive...\" \/>\n<meta property=\"og:url\" content=\"https:\/\/cap-vital.com\/?page_id=699\" \/>\n<meta property=\"article:modified_time\" content=\"2023-12-17T13:52:19+00:00\" \/>\n<meta property=\"og:image\" content=\"http:\/\/cap-vital.com\/wp-content\/uploads\/2023\/12\/SAV-226x300.jpeg\" \/>\n<meta name=\"twitter:card\" content=\"summary_large_image\" \/>\n<meta name=\"twitter:label1\" content=\"Dur\u00e9e de lecture estim\u00e9e\" \/>\n\t<meta name=\"twitter:data1\" content=\"1 minute\" \/>\n<script type=\"application\/ld+json\" class=\"yoast-schema-graph\">{\"@context\":\"https:\/\/schema.org\",\"@graph\":[{\"@type\":\"WebPage\",\"@id\":\"https:\/\/cap-vital.com\/?page_id=699\",\"url\":\"https:\/\/cap-vital.com\/?page_id=699\",\"name\":\"Service Apr\u00e8s-Vente -\",\"isPartOf\":{\"@id\":\"https:\/\/cap-vital.com\/#website\"},\"primaryImageOfPage\":{\"@id\":\"https:\/\/cap-vital.com\/?page_id=699#primaryimage\"},\"image\":{\"@id\":\"https:\/\/cap-vital.com\/?page_id=699#primaryimage\"},\"thumbnailUrl\":\"http:\/\/cap-vital.com\/wp-content\/uploads\/2023\/12\/SAV-226x300.jpeg\",\"datePublished\":\"2023-12-17T10:03:56+00:00\",\"dateModified\":\"2023-12-17T13:52:19+00:00\",\"breadcrumb\":{\"@id\":\"https:\/\/cap-vital.com\/?page_id=699#breadcrumb\"},\"inLanguage\":\"fr-FR\",\"potentialAction\":[{\"@type\":\"ReadAction\",\"target\":[\"https:\/\/cap-vital.com\/?page_id=699\"]}]},{\"@type\":\"ImageObject\",\"inLanguage\":\"fr-FR\",\"@id\":\"https:\/\/cap-vital.com\/?page_id=699#primaryimage\",\"url\":\"http:\/\/cap-vital.com\/wp-content\/uploads\/2023\/12\/SAV-226x300.jpeg\",\"contentUrl\":\"http:\/\/cap-vital.com\/wp-content\/uploads\/2023\/12\/SAV-226x300.jpeg\"},{\"@type\":\"BreadcrumbList\",\"@id\":\"https:\/\/cap-vital.com\/?page_id=699#breadcrumb\",\"itemListElement\":[{\"@type\":\"ListItem\",\"position\":1,\"name\":\"Accueil\",\"item\":\"https:\/\/cap-vital.com\/\"},{\"@type\":\"ListItem\",\"position\":2,\"name\":\"Service Apr\u00e8s-Vente\"}]},{\"@type\":\"WebSite\",\"@id\":\"https:\/\/cap-vital.com\/#website\",\"url\":\"https:\/\/cap-vital.com\/\",\"name\":\"cap-vital.com\",\"description\":\"\",\"publisher\":{\"@id\":\"https:\/\/cap-vital.com\/#organization\"},\"potentialAction\":[{\"@type\":\"SearchAction\",\"target\":{\"@type\":\"EntryPoint\",\"urlTemplate\":\"https:\/\/cap-vital.com\/?s={search_term_string}\"},\"query-input\":\"required name=search_term_string\"}],\"inLanguage\":\"fr-FR\"},{\"@type\":\"Organization\",\"@id\":\"https:\/\/cap-vital.com\/#organization\",\"name\":\"NERAC MEDICAL\",\"url\":\"https:\/\/cap-vital.com\/\",\"logo\":{\"@type\":\"ImageObject\",\"inLanguage\":\"fr-FR\",\"@id\":\"https:\/\/cap-vital.com\/#\/schema\/logo\/image\/\",\"url\":\"https:\/\/cap-vital.com\/wp-content\/uploads\/2023\/12\/cropped-cropped-New-Banniere-Cap-Vital-Nerac-Medical.png\",\"contentUrl\":\"https:\/\/cap-vital.com\/wp-content\/uploads\/2023\/12\/cropped-cropped-New-Banniere-Cap-Vital-Nerac-Medical.png\",\"width\":1617,\"height\":403,\"caption\":\"NERAC MEDICAL\"},\"image\":{\"@id\":\"https:\/\/cap-vital.com\/#\/schema\/logo\/image\/\"}}]}<\/script>\n<!-- \/ Yoast SEO plugin. -->","yoast_head_json":{"title":"Service Apr\u00e8s-Vente -","robots":{"index":"index","follow":"follow","max-snippet":"max-snippet:-1","max-image-preview":"max-image-preview:large","max-video-preview":"max-video-preview:-1"},"canonical":"https:\/\/cap-vital.com\/?page_id=699","og_locale":"fr_FR","og_type":"article","og_title":"Service Apr\u00e8s-Vente -","og_description":"Service Apr\u00e8s-Vente Maintenance du mat\u00e9riel Fid\u00e8les \u00e0 notre engagement qualit\u00e9, pour maintenir le niveau de confort et d\u2019e\ufb03cacit\u00e9 de nos produits, nous mettons \u00e0 votre disposition des \u00e9quipes de techniciens sp\u00e9cialis\u00e9s dans tous les dispositifs. Nos \u00e9quipes se d\u00e9placent chez vous Nos techniciens interviennent \u00e0 votre domicile pour toute r\u00e9paration et remise en \u00e9tat ainsi que pour une maintenance pr\u00e9ventive...","og_url":"https:\/\/cap-vital.com\/?page_id=699","article_modified_time":"2023-12-17T13:52:19+00:00","og_image":[{"url":"http:\/\/cap-vital.com\/wp-content\/uploads\/2023\/12\/SAV-226x300.jpeg"}],"twitter_card":"summary_large_image","twitter_misc":{"Dur\u00e9e de lecture estim\u00e9e":"1 minute"},"schema":{"@context":"https:\/\/schema.org","@graph":[{"@type":"WebPage","@id":"https:\/\/cap-vital.com\/?page_id=699","url":"https:\/\/cap-vital.com\/?page_id=699","name":"Service Apr\u00e8s-Vente -","isPartOf":{"@id":"https:\/\/cap-vital.com\/#website"},"primaryImageOfPage":{"@id":"https:\/\/cap-vital.com\/?page_id=699#primaryimage"},"image":{"@id":"https:\/\/cap-vital.com\/?page_id=699#primaryimage"},"thumbnailUrl":"http:\/\/cap-vital.com\/wp-content\/uploads\/2023\/12\/SAV-226x300.jpeg","datePublished":"2023-12-17T10:03:56+00:00","dateModified":"2023-12-17T13:52:19+00:00","breadcrumb":{"@id":"https:\/\/cap-vital.com\/?page_id=699#breadcrumb"},"inLanguage":"fr-FR","potentialAction":[{"@type":"ReadAction","target":["https:\/\/cap-vital.com\/?page_id=699"]}]},{"@type":"ImageObject","inLanguage":"fr-FR","@id":"https:\/\/cap-vital.com\/?page_id=699#primaryimage","url":"http:\/\/cap-vital.com\/wp-content\/uploads\/2023\/12\/SAV-226x300.jpeg","contentUrl":"http:\/\/cap-vital.com\/wp-content\/uploads\/2023\/12\/SAV-226x300.jpeg"},{"@type":"BreadcrumbList","@id":"https:\/\/cap-vital.com\/?page_id=699#breadcrumb","itemListElement":[{"@type":"ListItem","position":1,"name":"Accueil","item":"https:\/\/cap-vital.com\/"},{"@type":"ListItem","position":2,"name":"Service Apr\u00e8s-Vente"}]},{"@type":"WebSite","@id":"https:\/\/cap-vital.com\/#website","url":"https:\/\/cap-vital.com\/","name":"cap-vital.com","description":"","publisher":{"@id":"https:\/\/cap-vital.com\/#organization"},"potentialAction":[{"@type":"SearchAction","target":{"@type":"EntryPoint","urlTemplate":"https:\/\/cap-vital.com\/?s={search_term_string}"},"query-input":"required name=search_term_string"}],"inLanguage":"fr-FR"},{"@type":"Organization","@id":"https:\/\/cap-vital.com\/#organization","name":"NERAC MEDICAL","url":"https:\/\/cap-vital.com\/","logo":{"@type":"ImageObject","inLanguage":"fr-FR","@id":"https:\/\/cap-vital.com\/#\/schema\/logo\/image\/","url":"https:\/\/cap-vital.com\/wp-content\/uploads\/2023\/12\/cropped-cropped-New-Banniere-Cap-Vital-Nerac-Medical.png","contentUrl":"https:\/\/cap-vital.com\/wp-content\/uploads\/2023\/12\/cropped-cropped-New-Banniere-Cap-Vital-Nerac-Medical.png","width":1617,"height":403,"caption":"NERAC MEDICAL"},"image":{"@id":"https:\/\/cap-vital.com\/#\/schema\/logo\/image\/"}}]}},"_links":{"self":[{"href":"https:\/\/cap-vital.com\/index.php?rest_route=\/wp\/v2\/pages\/699","targetHints":{"allow":["GET"]}}],"collection":[{"href":"https:\/\/cap-vital.com\/index.php?rest_route=\/wp\/v2\/pages"}],"about":[{"href":"https:\/\/cap-vital.com\/index.php?rest_route=\/wp\/v2\/types\/page"}],"author":[{"embeddable":true,"href":"https:\/\/cap-vital.com\/index.php?rest_route=\/wp\/v2\/users\/1"}],"replies":[{"embeddable":true,"href":"https:\/\/cap-vital.com\/index.php?rest_route=%2Fwp%2Fv2%2Fcomments&post=699"}],"version-history":[{"count":7,"href":"https:\/\/cap-vital.com\/index.php?rest_route=\/wp\/v2\/pages\/699\/revisions"}],"predecessor-version":[{"id":762,"href":"https:\/\/cap-vital.com\/index.php?rest_route=\/wp\/v2\/pages\/699\/revisions\/762"}],"wp:attachment":[{"href":"https:\/\/cap-vital.com\/index.php?rest_route=%2Fwp%2Fv2%2Fmedia&parent=699"}],"curies":[{"name":"wp","href":"https:\/\/api.w.org\/{rel}","templated":true}]}}