{"id":838,"date":"2023-12-18T09:06:50","date_gmt":"2023-12-18T08:06:50","guid":{"rendered":"https:\/\/cap-vital.com\/?page_id=838"},"modified":"2023-12-18T11:33:40","modified_gmt":"2023-12-18T10:33:40","slug":"aides-au-quotidien-les-accessoires-utiles","status":"publish","type":"page","link":"https:\/\/cap-vital.com\/?page_id=838","title":{"rendered":"Aides au quotidien, les accessoires utiles."},"content":{"rendered":"\t\t<div data-elementor-type=\"wp-page\" data-elementor-id=\"838\" class=\"elementor elementor-838\">\n\t\t\t\t\t\t<section class=\"elementor-section elementor-top-section elementor-element elementor-element-36b15c27 elementor-section-boxed elementor-section-height-default elementor-section-height-default\" data-id=\"36b15c27\" data-element_type=\"section\" data-settings=\"{&quot;background_background&quot;:&quot;gradient&quot;}\">\n\t\t\t\t\t\t\t<div class=\"elementor-background-overlay\"><\/div>\n\t\t\t\t\t\t\t<div class=\"elementor-container elementor-column-gap-default\">\n\t\t\t\t\t<div class=\"elementor-column elementor-col-100 elementor-top-column elementor-element elementor-element-7cf60809\" data-id=\"7cf60809\" data-element_type=\"column\">\n\t\t\t<div class=\"elementor-widget-wrap elementor-element-populated\">\n\t\t\t\t\t\t<div class=\"elementor-element elementor-element-8e0ed7e elementor-widget elementor-widget-spacer\" data-id=\"8e0ed7e\" data-element_type=\"widget\" data-widget_type=\"spacer.default\">\n\t\t\t\t<div class=\"elementor-widget-container\">\n\t\t\t<style>\/*! elementor - v3.21.0 - 22-05-2024 *\/\n.elementor-column .elementor-spacer-inner{height:var(--spacer-size)}.e-con{--container-widget-width:100%}.e-con-inner>.elementor-widget-spacer,.e-con>.elementor-widget-spacer{width:var(--container-widget-width,var(--spacer-size));--align-self:var(--container-widget-align-self,initial);--flex-shrink:0}.e-con-inner>.elementor-widget-spacer>.elementor-widget-container,.e-con>.elementor-widget-spacer>.elementor-widget-container{height:100%;width:100%}.e-con-inner>.elementor-widget-spacer>.elementor-widget-container>.elementor-spacer,.e-con>.elementor-widget-spacer>.elementor-widget-container>.elementor-spacer{height:100%}.e-con-inner>.elementor-widget-spacer>.elementor-widget-container>.elementor-spacer>.elementor-spacer-inner,.e-con>.elementor-widget-spacer>.elementor-widget-container>.elementor-spacer>.elementor-spacer-inner{height:var(--container-widget-height,var(--spacer-size))}.e-con-inner>.elementor-widget-spacer.elementor-widget-empty,.e-con>.elementor-widget-spacer.elementor-widget-empty{position:relative;min-height:22px;min-width:22px}.e-con-inner>.elementor-widget-spacer.elementor-widget-empty .elementor-widget-empty-icon,.e-con>.elementor-widget-spacer.elementor-widget-empty .elementor-widget-empty-icon{position:absolute;top:0;bottom:0;left:0;right:0;margin:auto;padding:0;width:22px;height:22px}<\/style>\t\t<div class=\"elementor-spacer\">\n\t\t\t<div class=\"elementor-spacer-inner\"><\/div>\n\t\t<\/div>\n\t\t\t\t<\/div>\n\t\t\t\t<\/div>\n\t\t\t\t<div class=\"elementor-element elementor-element-c7f842e elementor-invisible elementor-widget elementor-widget-heading\" data-id=\"c7f842e\" data-element_type=\"widget\" data-settings=\"{&quot;_animation&quot;:&quot;fadeInDown&quot;}\" data-widget_type=\"heading.default\">\n\t\t\t\t<div class=\"elementor-widget-container\">\n\t\t\t<style>\/*! elementor - v3.21.0 - 22-05-2024 *\/\n.elementor-heading-title{padding:0;margin:0;line-height:1}.elementor-widget-heading .elementor-heading-title[class*=elementor-size-]>a{color:inherit;font-size:inherit;line-height:inherit}.elementor-widget-heading .elementor-heading-title.elementor-size-small{font-size:15px}.elementor-widget-heading .elementor-heading-title.elementor-size-medium{font-size:19px}.elementor-widget-heading .elementor-heading-title.elementor-size-large{font-size:29px}.elementor-widget-heading .elementor-heading-title.elementor-size-xl{font-size:39px}.elementor-widget-heading .elementor-heading-title.elementor-size-xxl{font-size:59px}<\/style><h2 class=\"elementor-heading-title elementor-size-default\">Aides au quotidien, les accessoires utiles.\n<\/h2>\t\t<\/div>\n\t\t\t\t<\/div>\n\t\t\t\t<div class=\"elementor-element elementor-element-3a436b4 elementor-widget elementor-widget-image\" data-id=\"3a436b4\" data-element_type=\"widget\" data-widget_type=\"image.default\">\n\t\t\t\t<div class=\"elementor-widget-container\">\n\t\t\t<style>\/*! elementor - v3.21.0 - 22-05-2024 *\/\n.elementor-widget-image{text-align:center}.elementor-widget-image a{display:inline-block}.elementor-widget-image a img[src$=\".svg\"]{width:48px}.elementor-widget-image img{vertical-align:middle;display:inline-block}<\/style>\t\t\t\t\t\t\t\t\t\t<img fetchpriority=\"high\" decoding=\"async\" width=\"537\" height=\"470\" src=\"https:\/\/cap-vital.com\/wp-content\/uploads\/2023\/12\/799.jpg\" class=\"attachment-medium_large size-medium_large wp-image-815\" alt=\"\" srcset=\"https:\/\/cap-vital.com\/wp-content\/uploads\/2023\/12\/799.jpg 537w, https:\/\/cap-vital.com\/wp-content\/uploads\/2023\/12\/799-300x263.jpg 300w\" sizes=\"(max-width: 537px) 100vw, 537px\" \/>\t\t\t\t\t\t\t\t\t\t\t\t\t<\/div>\n\t\t\t\t<\/div>\n\t\t\t\t<div class=\"elementor-element elementor-element-5f5eafa elementor-widget elementor-widget-spacer\" data-id=\"5f5eafa\" data-element_type=\"widget\" data-widget_type=\"spacer.default\">\n\t\t\t\t<div class=\"elementor-widget-container\">\n\t\t\t\t\t<div class=\"elementor-spacer\">\n\t\t\t<div class=\"elementor-spacer-inner\"><\/div>\n\t\t<\/div>\n\t\t\t\t<\/div>\n\t\t\t\t<\/div>\n\t\t\t\t<div class=\"elementor-element elementor-element-9456ad5 elementor-widget elementor-widget-text-editor\" data-id=\"9456ad5\" data-element_type=\"widget\" data-widget_type=\"text-editor.default\">\n\t\t\t\t<div class=\"elementor-widget-container\">\n\t\t\t<style>\/*! elementor - v3.21.0 - 22-05-2024 *\/\n.elementor-widget-text-editor.elementor-drop-cap-view-stacked .elementor-drop-cap{background-color:#69727d;color:#fff}.elementor-widget-text-editor.elementor-drop-cap-view-framed .elementor-drop-cap{color:#69727d;border:3px solid;background-color:transparent}.elementor-widget-text-editor:not(.elementor-drop-cap-view-default) .elementor-drop-cap{margin-top:8px}.elementor-widget-text-editor:not(.elementor-drop-cap-view-default) .elementor-drop-cap-letter{width:1em;height:1em}.elementor-widget-text-editor .elementor-drop-cap{float:left;text-align:center;line-height:1;font-size:50px}.elementor-widget-text-editor .elementor-drop-cap-letter{display:inline-block}<\/style>\t\t\t\t<p style=\"text-align: center;\">N\u00e9rac M\u00e9dical &amp; M\u00e9dicalie choisissent les produits que nous vous proposons pour leur <strong>aspect utile et leur qualit\u00e9<\/strong>. Nous ne trouverez pas sur de \u00ab\u00a0gadgets\u00a0\u00bb qui vous encombreront et qui peuvent se r\u00e9v\u00e9ler dangereux \u00e0 l&rsquo;usage.<\/p><p style=\"text-align: center;\">\u00a0<\/p><p style=\"text-align: center;\">Nos<strong>\u00a0fournisseurs<\/strong>\u00a0sont\u00a0<strong>choisis avec c\u00e9l\u00e9rit\u00e9<\/strong>\u00a0en fonction de leur\u00a0<strong>notori\u00e9t\u00e9 et de leur exp\u00e9rience.<\/strong><\/p><p style=\"text-align: center;\">\u00a0<\/p><p style=\"text-align: center;\">D\u00e9couvrez ou red\u00e9couvrez notre catalogue.<\/p>\t\t\t\t\t\t<\/div>\n\t\t\t\t<\/div>\n\t\t\t\t\t<\/div>\n\t\t<\/div>\n\t\t\t\t\t<\/div>\n\t\t<\/section>\n\t\t<div class=\"elementor-element elementor-element-4699740 e-flex e-con-boxed e-con e-parent\" data-id=\"4699740\" data-element_type=\"container\">\n\t\t\t\t\t<div class=\"e-con-inner\">\n\t\t\t\t<div class=\"elementor-element elementor-element-e0b79d1 elementor-widget elementor-widget-image\" data-id=\"e0b79d1\" data-element_type=\"widget\" data-widget_type=\"image.default\">\n\t\t\t\t<div class=\"elementor-widget-container\">\n\t\t\t\t\t\t\t\t\t\t\t\t\t\t<a href=\"http:\/\/cap-vital.com\/wp-content\/uploads\/2023\/11\/Maintien_a_domicile.pdf\">\n\t\t\t\t\t\t\t<img decoding=\"async\" width=\"640\" height=\"828\" src=\"https:\/\/cap-vital.com\/wp-content\/uploads\/2023\/11\/Catalogue-768x994.jpg\" class=\"attachment-medium_large size-medium_large wp-image-268\" alt=\"\" srcset=\"https:\/\/cap-vital.com\/wp-content\/uploads\/2023\/11\/Catalogue-768x994.jpg 768w, https:\/\/cap-vital.com\/wp-content\/uploads\/2023\/11\/Catalogue-232x300.jpg 232w, https:\/\/cap-vital.com\/wp-content\/uploads\/2023\/11\/Catalogue-791x1024.jpg 791w, https:\/\/cap-vital.com\/wp-content\/uploads\/2023\/11\/Catalogue.jpg 850w\" sizes=\"(max-width: 640px) 100vw, 640px\" \/>\t\t\t\t\t\t\t\t<\/a>\n\t\t\t\t\t\t\t\t\t\t\t\t\t<\/div>\n\t\t\t\t<\/div>\n\t\t\t\t\t<\/div>\n\t\t\t\t<\/div>\n\t\t\t\t<\/div>\n\t\t","protected":false},"excerpt":{"rendered":"<p>Aides au quotidien, les accessoires utiles. N\u00e9rac M\u00e9dical &amp; M\u00e9dicalie choisissent les produits que nous vous proposons pour leur aspect utile et leur qualit\u00e9. Nous ne trouverez pas sur de \u00ab\u00a0gadgets\u00a0\u00bb qui vous encombreront et qui peuvent se r\u00e9v\u00e9ler dangereux \u00e0 l&rsquo;usage. \u00a0 Nos\u00a0fournisseurs\u00a0sont\u00a0choisis avec c\u00e9l\u00e9rit\u00e9\u00a0en fonction de leur\u00a0notori\u00e9t\u00e9 et de leur exp\u00e9rience. \u00a0 D\u00e9couvrez ou red\u00e9couvrez notre catalogue.<\/p>\n","protected":false},"author":1,"featured_media":0,"parent":0,"menu_order":0,"comment_status":"closed","ping_status":"closed","template":"elementor_header_footer","meta":{"footnotes":""},"class_list":["post-838","page","type-page","status-publish","hentry"],"yoast_head":"<!-- This site is optimized with the Yoast SEO plugin v22.7 - https:\/\/yoast.com\/wordpress\/plugins\/seo\/ -->\n<title>Aides au quotidien, les accessoires utiles. -<\/title>\n<meta name=\"robots\" content=\"index, follow, max-snippet:-1, max-image-preview:large, max-video-preview:-1\" \/>\n<link rel=\"canonical\" href=\"https:\/\/cap-vital.com\/?page_id=838\" \/>\n<meta property=\"og:locale\" content=\"fr_FR\" \/>\n<meta property=\"og:type\" content=\"article\" \/>\n<meta property=\"og:title\" content=\"Aides au quotidien, les accessoires utiles. -\" \/>\n<meta property=\"og:description\" content=\"Aides au quotidien, les accessoires utiles. N\u00e9rac M\u00e9dical &amp; M\u00e9dicalie choisissent les produits que nous vous proposons pour leur aspect utile et leur qualit\u00e9. Nous ne trouverez pas sur de \u00ab\u00a0gadgets\u00a0\u00bb qui vous encombreront et qui peuvent se r\u00e9v\u00e9ler dangereux \u00e0 l&rsquo;usage. \u00a0 Nos\u00a0fournisseurs\u00a0sont\u00a0choisis avec c\u00e9l\u00e9rit\u00e9\u00a0en fonction de leur\u00a0notori\u00e9t\u00e9 et de leur exp\u00e9rience. \u00a0 D\u00e9couvrez ou red\u00e9couvrez notre catalogue.\" \/>\n<meta property=\"og:url\" content=\"https:\/\/cap-vital.com\/?page_id=838\" \/>\n<meta property=\"article:modified_time\" content=\"2023-12-18T10:33:40+00:00\" \/>\n<meta property=\"og:image\" content=\"http:\/\/cap-vital.com\/wp-content\/uploads\/2023\/12\/799.jpg\" \/>\n<meta name=\"twitter:card\" content=\"summary_large_image\" \/>\n<script type=\"application\/ld+json\" class=\"yoast-schema-graph\">{\"@context\":\"https:\/\/schema.org\",\"@graph\":[{\"@type\":\"WebPage\",\"@id\":\"https:\/\/cap-vital.com\/?page_id=838\",\"url\":\"https:\/\/cap-vital.com\/?page_id=838\",\"name\":\"Aides au quotidien, les accessoires utiles. -\",\"isPartOf\":{\"@id\":\"https:\/\/cap-vital.com\/#website\"},\"primaryImageOfPage\":{\"@id\":\"https:\/\/cap-vital.com\/?page_id=838#primaryimage\"},\"image\":{\"@id\":\"https:\/\/cap-vital.com\/?page_id=838#primaryimage\"},\"thumbnailUrl\":\"http:\/\/cap-vital.com\/wp-content\/uploads\/2023\/12\/799.jpg\",\"datePublished\":\"2023-12-18T08:06:50+00:00\",\"dateModified\":\"2023-12-18T10:33:40+00:00\",\"breadcrumb\":{\"@id\":\"https:\/\/cap-vital.com\/?page_id=838#breadcrumb\"},\"inLanguage\":\"fr-FR\",\"potentialAction\":[{\"@type\":\"ReadAction\",\"target\":[\"https:\/\/cap-vital.com\/?page_id=838\"]}]},{\"@type\":\"ImageObject\",\"inLanguage\":\"fr-FR\",\"@id\":\"https:\/\/cap-vital.com\/?page_id=838#primaryimage\",\"url\":\"https:\/\/cap-vital.com\/wp-content\/uploads\/2023\/12\/799.jpg\",\"contentUrl\":\"https:\/\/cap-vital.com\/wp-content\/uploads\/2023\/12\/799.jpg\",\"width\":537,\"height\":470},{\"@type\":\"BreadcrumbList\",\"@id\":\"https:\/\/cap-vital.com\/?page_id=838#breadcrumb\",\"itemListElement\":[{\"@type\":\"ListItem\",\"position\":1,\"name\":\"Accueil\",\"item\":\"https:\/\/cap-vital.com\/\"},{\"@type\":\"ListItem\",\"position\":2,\"name\":\"Aides au quotidien, les accessoires utiles.\"}]},{\"@type\":\"WebSite\",\"@id\":\"https:\/\/cap-vital.com\/#website\",\"url\":\"https:\/\/cap-vital.com\/\",\"name\":\"cap-vital.com\",\"description\":\"\",\"publisher\":{\"@id\":\"https:\/\/cap-vital.com\/#organization\"},\"potentialAction\":[{\"@type\":\"SearchAction\",\"target\":{\"@type\":\"EntryPoint\",\"urlTemplate\":\"https:\/\/cap-vital.com\/?s={search_term_string}\"},\"query-input\":\"required name=search_term_string\"}],\"inLanguage\":\"fr-FR\"},{\"@type\":\"Organization\",\"@id\":\"https:\/\/cap-vital.com\/#organization\",\"name\":\"NERAC MEDICAL\",\"url\":\"https:\/\/cap-vital.com\/\",\"logo\":{\"@type\":\"ImageObject\",\"inLanguage\":\"fr-FR\",\"@id\":\"https:\/\/cap-vital.com\/#\/schema\/logo\/image\/\",\"url\":\"https:\/\/cap-vital.com\/wp-content\/uploads\/2023\/12\/cropped-cropped-New-Banniere-Cap-Vital-Nerac-Medical.png\",\"contentUrl\":\"https:\/\/cap-vital.com\/wp-content\/uploads\/2023\/12\/cropped-cropped-New-Banniere-Cap-Vital-Nerac-Medical.png\",\"width\":1617,\"height\":403,\"caption\":\"NERAC MEDICAL\"},\"image\":{\"@id\":\"https:\/\/cap-vital.com\/#\/schema\/logo\/image\/\"}}]}<\/script>\n<!-- \/ Yoast SEO plugin. -->","yoast_head_json":{"title":"Aides au quotidien, les accessoires utiles. -","robots":{"index":"index","follow":"follow","max-snippet":"max-snippet:-1","max-image-preview":"max-image-preview:large","max-video-preview":"max-video-preview:-1"},"canonical":"https:\/\/cap-vital.com\/?page_id=838","og_locale":"fr_FR","og_type":"article","og_title":"Aides au quotidien, les accessoires utiles. -","og_description":"Aides au quotidien, les accessoires utiles. N\u00e9rac M\u00e9dical &amp; M\u00e9dicalie choisissent les produits que nous vous proposons pour leur aspect utile et leur qualit\u00e9. Nous ne trouverez pas sur de \u00ab\u00a0gadgets\u00a0\u00bb qui vous encombreront et qui peuvent se r\u00e9v\u00e9ler dangereux \u00e0 l&rsquo;usage. \u00a0 Nos\u00a0fournisseurs\u00a0sont\u00a0choisis avec c\u00e9l\u00e9rit\u00e9\u00a0en fonction de leur\u00a0notori\u00e9t\u00e9 et de leur exp\u00e9rience. \u00a0 D\u00e9couvrez ou red\u00e9couvrez notre catalogue.","og_url":"https:\/\/cap-vital.com\/?page_id=838","article_modified_time":"2023-12-18T10:33:40+00:00","og_image":[{"url":"http:\/\/cap-vital.com\/wp-content\/uploads\/2023\/12\/799.jpg"}],"twitter_card":"summary_large_image","schema":{"@context":"https:\/\/schema.org","@graph":[{"@type":"WebPage","@id":"https:\/\/cap-vital.com\/?page_id=838","url":"https:\/\/cap-vital.com\/?page_id=838","name":"Aides au quotidien, les accessoires utiles. -","isPartOf":{"@id":"https:\/\/cap-vital.com\/#website"},"primaryImageOfPage":{"@id":"https:\/\/cap-vital.com\/?page_id=838#primaryimage"},"image":{"@id":"https:\/\/cap-vital.com\/?page_id=838#primaryimage"},"thumbnailUrl":"http:\/\/cap-vital.com\/wp-content\/uploads\/2023\/12\/799.jpg","datePublished":"2023-12-18T08:06:50+00:00","dateModified":"2023-12-18T10:33:40+00:00","breadcrumb":{"@id":"https:\/\/cap-vital.com\/?page_id=838#breadcrumb"},"inLanguage":"fr-FR","potentialAction":[{"@type":"ReadAction","target":["https:\/\/cap-vital.com\/?page_id=838"]}]},{"@type":"ImageObject","inLanguage":"fr-FR","@id":"https:\/\/cap-vital.com\/?page_id=838#primaryimage","url":"https:\/\/cap-vital.com\/wp-content\/uploads\/2023\/12\/799.jpg","contentUrl":"https:\/\/cap-vital.com\/wp-content\/uploads\/2023\/12\/799.jpg","width":537,"height":470},{"@type":"BreadcrumbList","@id":"https:\/\/cap-vital.com\/?page_id=838#breadcrumb","itemListElement":[{"@type":"ListItem","position":1,"name":"Accueil","item":"https:\/\/cap-vital.com\/"},{"@type":"ListItem","position":2,"name":"Aides au quotidien, les accessoires utiles."}]},{"@type":"WebSite","@id":"https:\/\/cap-vital.com\/#website","url":"https:\/\/cap-vital.com\/","name":"cap-vital.com","description":"","publisher":{"@id":"https:\/\/cap-vital.com\/#organization"},"potentialAction":[{"@type":"SearchAction","target":{"@type":"EntryPoint","urlTemplate":"https:\/\/cap-vital.com\/?s={search_term_string}"},"query-input":"required name=search_term_string"}],"inLanguage":"fr-FR"},{"@type":"Organization","@id":"https:\/\/cap-vital.com\/#organization","name":"NERAC MEDICAL","url":"https:\/\/cap-vital.com\/","logo":{"@type":"ImageObject","inLanguage":"fr-FR","@id":"https:\/\/cap-vital.com\/#\/schema\/logo\/image\/","url":"https:\/\/cap-vital.com\/wp-content\/uploads\/2023\/12\/cropped-cropped-New-Banniere-Cap-Vital-Nerac-Medical.png","contentUrl":"https:\/\/cap-vital.com\/wp-content\/uploads\/2023\/12\/cropped-cropped-New-Banniere-Cap-Vital-Nerac-Medical.png","width":1617,"height":403,"caption":"NERAC MEDICAL"},"image":{"@id":"https:\/\/cap-vital.com\/#\/schema\/logo\/image\/"}}]}},"_links":{"self":[{"href":"https:\/\/cap-vital.com\/index.php?rest_route=\/wp\/v2\/pages\/838","targetHints":{"allow":["GET"]}}],"collection":[{"href":"https:\/\/cap-vital.com\/index.php?rest_route=\/wp\/v2\/pages"}],"about":[{"href":"https:\/\/cap-vital.com\/index.php?rest_route=\/wp\/v2\/types\/page"}],"author":[{"embeddable":true,"href":"https:\/\/cap-vital.com\/index.php?rest_route=\/wp\/v2\/users\/1"}],"replies":[{"embeddable":true,"href":"https:\/\/cap-vital.com\/index.php?rest_route=%2Fwp%2Fv2%2Fcomments&post=838"}],"version-history":[{"count":10,"href":"https:\/\/cap-vital.com\/index.php?rest_route=\/wp\/v2\/pages\/838\/revisions"}],"predecessor-version":[{"id":873,"href":"https:\/\/cap-vital.com\/index.php?rest_route=\/wp\/v2\/pages\/838\/revisions\/873"}],"wp:attachment":[{"href":"https:\/\/cap-vital.com\/index.php?rest_route=%2Fwp%2Fv2%2Fmedia&parent=838"}],"curies":[{"name":"wp","href":"https:\/\/api.w.org\/{rel}","templated":true}]}}